{"id":1021,"date":"2019-06-13T09:39:21","date_gmt":"2019-06-13T13:39:21","guid":{"rendered":"https:\/\/www.esm.rochester.edu\/sibley\/?page_id=1021"},"modified":"2024-01-19T13:49:41","modified_gmt":"2024-01-19T18:49:41","slug":"cadenza","status":"publish","type":"page","link":"https:\/\/www.esm.rochester.edu\/sibley\/specialcollections\/findingaids\/cadenza\/","title":{"rendered":"CADENZA COLLECTION"},"content":{"rendered":"<div class=\"wpb-content-wrapper\"><p>[vc_row][vc_column][vc_row_inner][vc_column_inner width=&#8221;1\/2&#8243;][vc_column_text css=&#8221;.vc_custom_1619098754436{margin-top: -20px !important;}&#8221;]<\/p>\n<p>SC 1995.13<\/p>\n<p>Ruth T. Watanabe Special Collections<br \/>\nSibley Music Library<br \/>\nEastman School of Music<br \/>\nUniversity of Rochester<\/p>\n<p>prepared by Kathryn Dey<br \/>\nFall 1995<\/p>\n<p>&nbsp;<\/p>\n<p><a name=\"Contents\"><\/a><a name=\"Contents\"><\/a><\/p>\n<h3>CONTENTS<\/h3>\n<ul>\n<li><a href=\"#Descrip\">Description of Collection<\/a><\/li>\n<li><a href=\"#Series\">Description of Series<\/a><\/li>\n<li><a href=\"#Inventory\">Inventory<\/a><\/li>\n<li><a href=\"#INDEX\">Index<\/a><\/li>\n<\/ul>\n<p>&nbsp;<\/p>\n<p>[\/vc_column_text][\/vc_column_inner][vc_column_inner width=&#8221;1\/2&#8243;][vc_single_image image=&#8221;4612&#8243; img_size=&#8221;medium&#8221; add_caption=&#8221;yes&#8221; alignment=&#8221;center&#8221; style=&#8221;vc_box_outline&#8221; onclick=&#8221;link_image&#8221;][\/vc_column_inner][\/vc_row_inner][vc_column_text]<\/p>\n<p><a id=\"Descrip\" name=\"Descrip\"><\/a><\/p>\n<h3>DESCRIPTION OF COLLECTION<\/h3>\n<p>Cadenza Collection (material undated, est. 1875-1910)<br \/>\n2&#8243; linear<br \/>\nLocation: M1A 3,1<\/p>\n<p>&nbsp;<\/p>\n<h4>Provenance<\/h4>\n<p>This collection was extracted from gifts received by Sibley Music Library over an undetermined period of time, probably extending through the 1960&#8217;s and 1970&#8217;s. No indication of source of the materials is available. The collection was discovered in the basement of Sibley Library prior to the Library&#8217;s move into its new facility in January 1989.<\/p>\n<p>&nbsp;<\/p>\n<h4>Scope and Content<\/h4>\n<p>The collection includes forty-two imprints of cadenzas for violin concertos published predominantly during the late nineteenth and early twentieth centuries. The cadenzas are for many major works in the instrument&#8217;s repertoire. The composers of the cadenzas include many first rank and historically important virtuosos of the time. The collection will be particularly useful for the historical study of violin performance practice during the late nineteenth century.<\/p>\n<p>&nbsp;<\/p>\n<h4>Restrictions and Use<\/h4>\n<p>There are no restrictions.<\/p>\n<p>&nbsp;<\/p>\n<h4>Associations<\/h4>\n<p>The library possesses a collection of letters by the violinist Arthur Hartmann, active during the late nineteenth and first half of the twentieth centuries. Manuscripts of several works dedicated to Hartmann are also in the rare books collection. A finding aid exists for the Hartmann collection. Both Eastman School Archives and Sibley Music Library possess materials relating to the career of Jacques Gordon, a prominent early twentieth-century violinist.<\/p>\n<p>&nbsp;<\/p>\n<hr \/>\n<p><a id=\"Series\" name=\"Series\"><\/a><\/p>\n<h3>DESCRIPTION OF SERIES<\/h3>\n<h4>Series 1: Music<\/h4>\n<p>The series consists of late nineteenth- and early twentieth-century imprints of cadenzas for violin concertos. The concertos mainly include major works in the repertoire, and the composers of the cadenzas include many prominent virtuosos of the time. The series is arranged alphabetically by the name of the composer of the concerto for which the cadenzas were written. A cross index by name of the composer of the cadenzas is provided.<\/p>\n<p>&nbsp;<\/p>\n<hr \/>\n<p><a id=\"Inventory\" name=\"Inventory\"><\/a><\/p>\n<h3>INVENTORY<\/h3>\n<h4>Box 1<\/h4>\n<p><a name=\"BACH\"><\/a><\/p>\n<p><strong>Bach<\/strong><\/p>\n<table style=\"width: 100%;\">\n<tbody>\n<tr valign=\"top\">\n<td nowrap=\"nowrap\"><strong>folder 1<\/strong><\/td>\n<td><a href=\"http:\/\/hdl.handle.net\/1802\/27519\">Hellmesberger, J. Cadence du concert en la mineur pour le violon de J. S. Bach. Leipzig: C. F. Peters, [s.d.], Pl. no. 4567, p.n. 4567.<\/a><\/td>\n<\/tr>\n<\/tbody>\n<\/table>\n<p><a name=\"BEETHOVEN\"><\/a><a name=\"BEETHOVEN\"><\/a><\/p>\n<p><strong>Beethoven<\/strong><\/p>\n<table style=\"width: 100%;\">\n<tbody>\n<tr valign=\"top\">\n<td nowrap=\"nowrap\"><strong>folder 2<\/strong><\/td>\n<td><a href=\"http:\/\/hdl.handle.net\/1802\/14733\">David, Ferdinand. Kadenzen zum Beethoven\u2019schen Violin-Konzert Op. 61. Leipzig: Breitkopf &amp; Hartel, [s.d.], Pl. no. V. A. 3789.<\/a><\/td>\n<\/tr>\n<tr valign=\"top\">\n<td nowrap=\"nowrap\"><strong>folder 3<\/strong><\/td>\n<td><a href=\"http:\/\/hdl.handle.net\/1802\/14734\">Flesch, Carl. Drei Kadenzen zu Beethovens Violinkonzert Op. 61. Leipzig: C. F. Peters, c1915, Pl. no. 9976a.<\/a><\/td>\n<\/tr>\n<tr valign=\"top\">\n<td nowrap=\"nowrap\"><strong>folder 4<\/strong><\/td>\n<td><a href=\"http:\/\/hdl.handle.net\/1802\/27520\">Herrmann, Eduard. Drei Cadenzen zu Beethoven\u2019s Violin-Concert Op. 61. N\u00fcrnberg: Wilhelm Schmid, [s.d.], Pl. no. W.S. 333.<\/a><\/td>\n<\/tr>\n<tr valign=\"top\">\n<td nowrap=\"nowrap\"><strong>folder 5<\/strong><\/td>\n<td><a href=\"http:\/\/hdl.handle.net\/1802\/27521\">Hilf, Arno. Drei Kadenzen zu Beethoven\u2019s Violin-Konzert. Leipzig: Rob. Forberg, c1909, Pl. no. 6164.<\/a><\/td>\n<\/tr>\n<tr valign=\"top\">\n<td nowrap=\"nowrap\"><strong>folder 6<\/strong><\/td>\n<td><a href=\"http:\/\/hdl.handle.net\/1802\/27522\">Hubay, Jeno. Trois cadences. Leipzig: Bosworth &amp; Co., c1895, Pl. no. B. &amp; Co. 689.<\/a><\/td>\n<\/tr>\n<tr valign=\"top\">\n<td nowrap=\"nowrap\"><strong>folder 7<\/strong><\/td>\n<td><a href=\"http:\/\/hdl.handle.net\/1802\/27523\">Joachim, Joseph. Cadenzen zu L. van Beethoven\u2019s Violin-Concert. Berlin: Schlesinger, c1894, Pl. no. S.8599.<\/a><\/td>\n<\/tr>\n<tr valign=\"top\">\n<td nowrap=\"nowrap\"><strong>folder 8<\/strong><\/td>\n<td><a href=\"http:\/\/hdl.handle.net\/1802\/27524\">Joachim, Joseph. Cadenz zu Beethoven\u2019s Violin-Concert. Budapest: R\u00f3zsavolgyi \u00e9s T\u00e1rsa, 1885, Pl. no. K.A.6.<\/a><\/td>\n<\/tr>\n<tr valign=\"top\">\n<td nowrap=\"nowrap\"><strong>folder 9<\/strong><\/td>\n<td><a href=\"http:\/\/hdl.handle.net\/1802\/27525\">Kriens, Christaan. Cadenza for the Beethoven violin concerto. New York: Carl Fischer, c1914, Pl. no. 17572-4.<\/a><\/td>\n<\/tr>\n<tr valign=\"top\">\n<td nowrap=\"nowrap\"><strong>folder 10<\/strong><\/td>\n<td><a href=\"http:\/\/hdl.handle.net\/1802\/27532\">Laub, Ferdinand. Cadenzen zum Beethoven\u2019schen Violin Concert Op. 61. Magdeburg: Heinrichshofen\u2019s Verlag, [s.d.], Pl. no. H.V. 6164.<\/a><\/td>\n<\/tr>\n<tr valign=\"top\">\n<td nowrap=\"nowrap\"><strong>folder 11<\/strong><\/td>\n<td><a href=\"http:\/\/hdl.handle.net\/1802\/27534\">Margulies, Adolf. Cadenz zu L. van Beethoven\u2019s Violin-Concert. Berlin: Raabe &amp; Plothow, [s.d.], Pl. no. R. 2039 P.<\/a><\/td>\n<\/tr>\n<tr valign=\"top\">\n<td nowrap=\"nowrap\"><strong>folder 12<\/strong><\/td>\n<td><a href=\"http:\/\/hdl.handle.net\/1802\/27536\">Molique, Bernhard. Drei Kadenzen zu Beethoven\u2019s Violin-Konzert. Stuttgart: Albert Auer\u2019s Musikverlag, [s.d.] (Foreword c1909), Pl. no. A.17 A.<\/a><\/td>\n<\/tr>\n<tr valign=\"top\">\n<td nowrap=\"nowrap\"><strong>folder 13<\/strong><\/td>\n<td><a href=\"http:\/\/hdl.handle.net\/1802\/35313\">Nov\u00e1cek, Ottokar. Kadenzen zu Ludwig van Beethoven\u2019s Violin-Konzert Op. 61. Leipzig: Breitkopf &amp; H\u00e4rtel, c1899, Pl. no. Viol. Bibl. 22632.<\/a><\/td>\n<\/tr>\n<tr valign=\"top\">\n<td nowrap=\"nowrap\"><strong>folder 14<\/strong><\/td>\n<td><a href=\"http:\/\/hdl.handle.net\/1802\/35314\">Saint-Sa\u00ebns, C. Cadences pour le concerto de violon de Beethoven. Paris: A. Durand &amp; Fils, [s.d.], Pl. no. D. &amp; F. 5722.<\/a><\/td>\n<\/tr>\n<tr valign=\"top\">\n<td nowrap=\"nowrap\"><strong>folder 15<\/strong><\/td>\n<td><a href=\"http:\/\/hdl.handle.net\/1802\/35315\">Sammons, Albert. Cadenzas to the Beethoven violin concerto. London: Hawkes &amp; Son, c1913, Pl. no. H. &amp; S. 5008. <\/a><\/td>\n<\/tr>\n<tr valign=\"top\">\n<td nowrap=\"nowrap\"><strong>folder 16<\/strong><\/td>\n<td><a href=\"http:\/\/hdl.handle.net\/1802\/35317\">Singer, Edmund. Cadenzen zu Beethoven\u2019s Violin Concert. Paris: A. Durand &amp; Fils, [s.d.], Pl. no. 8638.<\/a><\/td>\n<\/tr>\n<tr valign=\"top\">\n<td nowrap=\"nowrap\"><strong>folder 17<\/strong><\/td>\n<td><a href=\"http:\/\/hdl.handle.net\/1802\/35316\">Wilhelmj, August. Cadenzen zum Violin-Concert von Beethoven. Berlin: Schlesinger\u2019sche Musikhandlung, [s.d.], Pl. no. S.7709.<\/a><\/td>\n<\/tr>\n<\/tbody>\n<\/table>\n<p><a name=\"BRAHMS\"><\/a><\/p>\n<p><strong>Brahms<\/strong><\/p>\n<p><a name=\"BRAHMS\"><\/a><\/p>\n<table style=\"width: 100%;\">\n<tbody>\n<tr valign=\"top\">\n<td nowrap=\"nowrap\"><strong>folder 18<\/strong><\/td>\n<td><a href=\"http:\/\/hdl.handle.net\/1802\/10602\">Auer, Leopold. Cadenza for the Brahms concerto, Op. 77. New York: Carl Fischer, c1916, Pl. no. 18924-2.<\/a><\/td>\n<\/tr>\n<tr valign=\"top\">\n<td nowrap=\"nowrap\"><strong>folder 19<\/strong><\/td>\n<td><a href=\"http:\/\/hdl.handle.net\/1802\/10656\">Aulin, Tor. Cadenz zum Concert f\u00fcr Violin von Johannes Brahms. Berlin: Simrock; Schott &amp; Co. for the British Empire, 1895, Pl. no. 12336.<\/a><\/td>\n<\/tr>\n<tr valign=\"top\">\n<td nowrap=\"nowrap\"><strong>folder 20<\/strong><\/td>\n<td><a href=\"http:\/\/hdl.handle.net\/1802\/14724\">Bachmann, Alberto. Cadenz zum Concert f\u00fcr Violine von Johannes Brahms. Berlin: Simrock; Schott &amp; Co. for the British Empire, c1909, Pl. no. 12586.<\/a><\/td>\n<\/tr>\n<tr valign=\"top\">\n<td nowrap=\"nowrap\"><strong>folder 21<\/strong><\/td>\n<td><a href=\"http:\/\/hdl.handle.net\/1802\/14727\">Besekirsky, W. Cadenz zum Concert f\u00fcr Violine von Johannes Brahms. Berlin: Simrock; Schott &amp; Co. for the British Empire, 1895, Pl. no. 12473.<\/a><\/td>\n<\/tr>\n<tr valign=\"top\">\n<td nowrap=\"nowrap\"><strong>folder 22<\/strong><\/td>\n<td><a href=\"http:\/\/hdl.handle.net\/1802\/14738\">G\u00f3rski, Wladislaus. Cadenz zum Concert f\u00fcr Violine von Johannes Brahms. Berlin: Simrock; A. Lenquick; T. B. Marus for USA, c1913. Pl. no. 13448.<\/a><\/td>\n<\/tr>\n<tr valign=\"top\">\n<td nowrap=\"nowrap\"><strong>folder 23<\/strong><\/td>\n<td><a href=\"http:\/\/hdl.handle.net\/1802\/14741\">Halir, Carl. Cadenz zum Concert f\u00fcr Violine von Johannes Brahms. Berlin: Simrock, 1895, Pl. no. 10447. Two copies.<\/a><\/td>\n<\/tr>\n<tr valign=\"top\">\n<td nowrap=\"nowrap\"><strong>folder 24<\/strong><\/td>\n<td><a href=\"http:\/\/hdl.handle.net\/1802\/35318\">Heermann, Hugo. Cadenz zum Concert f\u00fcr Violine von Johannes Brahms. Berlin: Simrock; Schott &amp; Co. for the British Empire, 1895, Pl. no. 10495.<\/a><\/td>\n<\/tr>\n<tr valign=\"top\">\n<td nowrap=\"nowrap\"><strong>folder 25<\/strong><\/td>\n<td><a href=\"http:\/\/hdl.handle.net\/1802\/35319\">Herrmann, Eduard. Cadenz zum ersten Satz von Johannes Brahms, Violin-Concert Op. 77. N\u00fcrnberg: Wilhelm Schmid, [s.d.], Pl. no. W.S. 447.<\/a><\/td>\n<\/tr>\n<tr valign=\"top\">\n<td nowrap=\"nowrap\"><strong>folder 26<\/strong><\/td>\n<td><a href=\"http:\/\/hdl.handle.net\/1802\/35320\">Marchot, Alfred. Cadenz zum Concert f\u00fcr Violine von Johannes Brahms. Berlin: Simrock; Schott &amp; Co. for the British Empire, c1909, Pl. no. 12484.<\/a><\/td>\n<\/tr>\n<tr valign=\"top\">\n<td nowrap=\"nowrap\"><strong>folder 27<\/strong><\/td>\n<td><a href=\"http:\/\/hdl.handle.net\/1802\/35321\">Margulies, Adolf. Cadenz zu Brahms Violin-Concert. Berlin: Raabe &amp; Plothow, [s.d.], Pl. no. r.2040 P.<\/a><\/td>\n<\/tr>\n<tr valign=\"top\">\n<td nowrap=\"nowrap\"><strong>folder 28<\/strong><\/td>\n<td><a href=\"http:\/\/hdl.handle.net\/1802\/35322\">Marteau, Henri. Cadenz zum Concert f\u00fcr Violine von Johannes Brahms Op. 77. Berlin: Simrock; A. Lenquick for the British Empire, c1904, Pl. no. 11997.<\/a><\/td>\n<\/tr>\n<tr valign=\"top\">\n<td nowrap=\"nowrap\"><strong>folder 29<\/strong><\/td>\n<td><a href=\"http:\/\/hdl.handle.net\/1802\/35323\">Ondricek, Franz. Cadenzen zum Concert f\u00fcr Violine von Johannes Brahms Op. 77. Berlin: Simrock; Schott &amp; Co. for the British Empire, 1895, Pl. no. 11436.<\/a><\/td>\n<\/tr>\n<tr valign=\"top\">\n<td nowrap=\"nowrap\"><strong>folder 30<\/strong><\/td>\n<td><a href=\"http:\/\/hdl.handle.net\/1802\/35324\">Schradieck, Henry. A cadenza to the violin concerto by Johannes Brahms. New York: Schirmer, c1915, Pl. no. 24999.<\/a><\/td>\n<\/tr>\n<tr valign=\"top\">\n<td nowrap=\"nowrap\"><strong>folder 31<\/strong><\/td>\n<td><a href=\"http:\/\/hdl.handle.net\/1802\/35325\">Singer, Edmund. Cadenzen zum Concert f\u00fcr Violine von Johannes Brahms Op. 77. Berlin: Simrock; Schott &amp; Co. for the British Empire, [s.d.], Pl. no. 11051.<\/a><\/td>\n<\/tr>\n<tr valign=\"top\">\n<td nowrap=\"nowrap\"><strong>folder 32<\/strong><\/td>\n<td><a href=\"http:\/\/hdl.handle.net\/1802\/35326\">Zaj\u00edc, Florian. Cadenz zum Concert f\u00fcr Violine von Johannes Brahms. Berlin: Simrock; Schott &amp; Co. for the British Empire, 1895, Pl. no. 12040. Two copies.<\/a><\/td>\n<\/tr>\n<\/tbody>\n<\/table>\n<p><a name=\"ERNST\"><\/a><\/p>\n<p><strong>Ernst<\/strong><\/p>\n<table style=\"width: 100%;\">\n<tbody>\n<tr valign=\"top\">\n<td nowrap=\"nowrap\"><strong>folder 33<\/strong><\/td>\n<td><a href=\"http:\/\/hdl.handle.net\/1802\/35327\">Hartmann, Arthur. Ungarische Kadenz zu F.W. Ernst\u2019s Op. 22. Leipzig: Wilhelm Hansen, c1906, Pl. no. 13864.<\/a><\/td>\n<\/tr>\n<\/tbody>\n<\/table>\n<p><a name=\"MOZART\"><\/a><\/p>\n<p><strong>Mozart<\/strong><\/p>\n<table style=\"width: 100%;\">\n<tbody>\n<tr valign=\"top\">\n<td nowrap=\"nowrap\"><strong>folder 34<\/strong><\/td>\n<td><a href=\"http:\/\/hdl.handle.net\/1802\/10662\">Aulin, Tor. Kadenz zu W.A. Mozart Drittes Violin-Konzert G dur. Leipzig: Zimmermann, c1912, Pl. no. Z. 5252.<\/a><\/td>\n<\/tr>\n<tr valign=\"top\">\n<td nowrap=\"nowrap\"><strong>folder 35<\/strong><\/td>\n<td><a href=\"http:\/\/hdl.handle.net\/1802\/35329\">Aulin, Tor. Kadenz zu dem 5.Violin-konzert A dur von W.A. Mozart. Leipzig: Zimmermann, c1906, Pl. no. Z. 4489.<\/a><\/td>\n<\/tr>\n<tr valign=\"top\">\n<td nowrap=\"nowrap\"><strong>folder 36<\/strong><\/td>\n<td><a href=\"http:\/\/hdl.handle.net\/1802\/35330\">Seeger, Oscar. Cadenzen zu W.A. Mozart\u2019schen ausgew. Violin-Werken. Frankfurt: Steyl &amp; Thomas, [s.d.], Pl. no. S. 532 T.<\/a><\/td>\n<\/tr>\n<\/tbody>\n<\/table>\n<p><a name=\"PAGANINI\"><\/a><\/p>\n<p><strong>Paganini<\/strong><\/p>\n<table style=\"width: 100%;\">\n<tbody>\n<tr valign=\"top\">\n<td nowrap=\"nowrap\"><strong>folder 37<\/strong><\/td>\n<td><a href=\"http:\/\/hdl.handle.net\/1802\/14731\">Cernicchiaro, V. Cadenza zu dem ersten Concert von Nicolo Paganini. Leipzig: Schuberth &amp; Co., [s.d.], Pl. no. 5905.<\/a><\/td>\n<\/tr>\n<tr valign=\"top\">\n<td nowrap=\"nowrap\"><strong>folder 38<\/strong><\/td>\n<td><a href=\"http:\/\/hdl.handle.net\/1802\/35331\">Hartmann, Arthur. Kadenz zum ersten Violin Konzert von N. Paganini. Leipzig: Wilhelm Hansen, c1906, Pl. no. 13809.<\/a><\/td>\n<\/tr>\n<tr valign=\"top\">\n<td nowrap=\"nowrap\"><strong>folder 39<\/strong><\/td>\n<td><a href=\"http:\/\/hdl.handle.net\/1802\/35332\">Sauret, E. Cadenza pour le 1r concerto de N. Paganini. Publisher unknown, [s.d.], Pl. no. 3593.<\/a><\/td>\n<\/tr>\n<tr valign=\"top\">\n<td nowrap=\"nowrap\"><strong>folder 40<\/strong><\/td>\n<td><a href=\"http:\/\/hdl.handle.net\/1802\/35333\">Venturini, Pietro. Cadenze per il Io e IIo concerto di N. Paganini. Milan: Carisch &amp; J\u00e4nichen, c1913, Pl. no. C. 13027 J.<\/a><\/td>\n<\/tr>\n<\/tbody>\n<\/table>\n<p><a name=\"SAINT-SAENS\"><\/a><\/p>\n<p><strong>Saint-Sa\u00ebns<\/strong><\/p>\n<table style=\"width: 100%;\">\n<tbody>\n<tr valign=\"top\">\n<td nowrap=\"nowrap\"><strong>folder 41<\/strong><\/td>\n<td><a href=\"http:\/\/hdl.handle.net\/1802\/35328\">Wolff, Johannes. Morceau de concert pour violon par C. Saint- Sa\u00ebns. Paris: A. Durand &amp; Fils, c1909, Pl. no. D. &amp; F. 7503.<\/a><\/td>\n<\/tr>\n<\/tbody>\n<\/table>\n<p><a name=\"VIOTTI\"><\/a><\/p>\n<p><strong>Viotti<\/strong><\/p>\n<table style=\"width: 100%;\">\n<tbody>\n<tr valign=\"top\">\n<td nowrap=\"nowrap\"><strong>folder 42<\/strong><\/td>\n<td><a href=\"http:\/\/hdl.handle.net\/1802\/10605\">Alard, Delphin. Cadenza pour le concerto no. 22 de Viotti. London: Schott &amp; Co., [s.d.], Pl. no. 17869 Cad.<\/a><\/td>\n<\/tr>\n<tr valign=\"top\">\n<td nowrap=\"nowrap\"><strong>folder 43<\/strong><\/td>\n<td><a href=\"http:\/\/hdl.handle.net\/1802\/10604\">Alard, Delphin. Cadenza pour le concerto no. 24 de Viotti. London: Schott &amp; Co., [s.d.], Pl. no. 17187 Cad.<\/a><\/td>\n<\/tr>\n<\/tbody>\n<\/table>\n<p>&nbsp;<\/p>\n<hr \/>\n<p><a name=\"INDEX\"><\/a><\/p>\n<h3>INDEX BY COMPOSER OF CADENZA<\/h3>\n<p><a name=\"BEETHOVEN\"><\/a><a name=\"BEETHOVEN\"><\/a><a name=\"BRAHMS\"><\/a><a name=\"ERNST\"><\/a><a name=\"MOZART\"><\/a><a name=\"PAGANINI\"><\/a><a name=\"SAINT-SAENS\"><\/a><a name=\"VIOTTI\"><\/a><a name=\"INDEX\"><\/a><\/p>\n<dl>\n<dt>Alard, Delphin<\/dt>\n<dd><a href=\"#VIOTTI\">Viotti<\/a><\/dd>\n<dt>Aulin, Tor<\/dt>\n<dd><a href=\"#BRAHMS\">Brahms<\/a><\/dd>\n<dd><a href=\"#MOZART\">Mozart<\/a><\/dd>\n<dt>Auer, Leopold<\/dt>\n<dd><a href=\"#BRAHMS\">Brahms<\/a><\/dd>\n<dt>Bachmann, Alberto<\/dt>\n<dd><a href=\"#BRAHMS\">Brahms<\/a><\/dd>\n<dt>Besekirsky, W.<\/dt>\n<dd><a href=\"#BRAHMS\">Brahms<\/a><\/dd>\n<dt>Cernicchiaro, V.<\/dt>\n<dd><a href=\"#PAGANINI\">Paganini<\/a><\/dd>\n<dt>David, Ferdinand<\/dt>\n<dd><a href=\"#BEETHOVEN\">Beethoven<\/a><\/dd>\n<dt>Flesch, Carl<\/dt>\n<dd><a href=\"#BEETHOVEN\">Beethoven<\/a><\/dd>\n<dt>G\u00f3rski, Wladislaus<\/dt>\n<dd><a href=\"#BRAHMS\">Brahms<\/a><\/dd>\n<dt>Halir, Carl<\/dt>\n<dd><a href=\"#BRAHMS\">Brahms<\/a><\/dd>\n<dt>Hartmann, Arthur<\/dt>\n<dd><a href=\"#ERNST\">Ernst<\/a><\/dd>\n<dd><a href=\"#PAGANINI\">Paganini<\/a><\/dd>\n<dt>Heermann, Hugo<\/dt>\n<dd><a href=\"#BRAHMS\">Brahms<\/a><\/dd>\n<dt>Hellmesberger, J.<\/dt>\n<dd><a href=\"#BACH\">Bach<\/a><\/dd>\n<dt>Herrmann, Eduard<\/dt>\n<dd><a href=\"#BEETHOVEN\">Beethoven<\/a><\/dd>\n<dt>Hilf, Arno<\/dt>\n<dd><a href=\"#BEETHOVEN\">Beethoven<\/a><\/dd>\n<dt>Hubay, Jeno<\/dt>\n<dd><a href=\"#BEETHOVEN\">Beethoven<\/a><\/dd>\n<dt>Joachim, Joseph<\/dt>\n<dd><a href=\"#BEETHOVEN\">Beethoven<\/a><\/dd>\n<dt>Kriens, Christaan<\/dt>\n<dd><a href=\"#BEETHOVEN\">Beethoven<\/a><\/dd>\n<dt>Laub, Ferdinand<\/dt>\n<dd><a href=\"#BEETHOVEN\">Beethoven<\/a><\/dd>\n<dt>Marchot, Alfred<\/dt>\n<dd><a href=\"#BRAHMS\">Brahms<\/a><\/dd>\n<dt>Margulies, Adolf<\/dt>\n<dd><a href=\"#BEETHOVEN\">Beethoven<\/a><\/dd>\n<dd><a href=\"#BRAHMS\">Brahms<\/a><\/dd>\n<dt>Marteau, Henri<\/dt>\n<dd><a href=\"#BRAHMS\">Brahms<\/a><\/dd>\n<dt>Molique, Bernhard<\/dt>\n<dd><a href=\"#BEETHOVEN\">Beethoven<\/a><\/dd>\n<dt>Nov\u00e1cek, Ottokar<\/dt>\n<dd><a href=\"#BEETHOVEN\">Beethoven<\/a><\/dd>\n<dt>Ondricek, Franz<\/dt>\n<dd><a href=\"#BRAHMS\">Brahms<\/a><\/dd>\n<dt>Saint-Sa\u00ebns, C.<\/dt>\n<dd><a href=\"#BEETHOVEN\">Beethoven<\/a><\/dd>\n<dt>Sammons, Albert<\/dt>\n<dd><a href=\"#BEETHOVEN\">Beethoven<\/a><\/dd>\n<dt>Sauret, E.<\/dt>\n<dd><a href=\"#PAGANINI\">Paganini<\/a><\/dd>\n<dt>Schradieck, Henry<\/dt>\n<dd><a href=\"#BRAHMS\">Brahms<\/a><\/dd>\n<dt>Seeger, Oscar<\/dt>\n<dd><a href=\"#MOZART\">Mozart<\/a><\/dd>\n<dt>Singer, Edmund<\/dt>\n<dd><a href=\"#BEETHOVEN\">Beethoven<\/a><\/dd>\n<dd><a href=\"#BRAHMS\">Brahms<\/a><\/dd>\n<dt>Venturini, Pietro<\/dt>\n<dd><a href=\"#PAGANINI\">Paganini<\/a><\/dd>\n<dt>Wilhelmj, August<\/dt>\n<dd><a href=\"#BEETHOVEN\">Beethoven<\/a><\/dd>\n<dt>Wolff, Johannes<\/dt>\n<dd><a href=\"#SAINT-SAENS\">Saint-Sa\u00ebns<\/a><\/dd>\n<dt>Zaj\u00edc, Florian<\/dt>\n<dd><a href=\"#BRAHMS\">Brahms<\/a><\/dd>\n<\/dl>\n<p>[\/vc_column_text][\/vc_column][\/vc_row]<\/p>\n<\/div>","protected":false},"excerpt":{"rendered":"<p>[vc_row][vc_column][vc_row_inner][vc_column_inner width=&#8221;1\/2&#8243;][vc_column_text css=&#8221;.vc_custom_1619098754436{margin-top: -20px !important;}&#8221;] SC 1995.13 Ruth T. Watanabe Special Collections Sibley Music Library Eastman School of Music University of Rochester prepared by Kathryn Dey Fall 1995 &nbsp; CONTENTS Description of Collection Description of Series Inventory Index &nbsp; [\/vc_column_text][\/vc_column_inner][vc_column_inner width=&#8221;1\/2&#8243;][vc_single_image image=&#8221;4612&#8243; img_size=&#8221;medium&#8221; add_caption=&#8221;yes&#8221; alignment=&#8221;center&#8221; style=&#8221;vc_box_outline&#8221; onclick=&#8221;link_image&#8221;][\/vc_column_inner][\/vc_row_inner][vc_column_text] DESCRIPTION OF COLLECTION Cadenza Collection (material undated, est. [&hellip;]<\/p>\n","protected":false},"author":42,"featured_media":4612,"parent":400,"menu_order":0,"comment_status":"closed","ping_status":"closed","template":"finding-aid","meta":{"_acf_changed":false,"footnotes":"","_links_to":"","_links_to_target":""},"categories":[],"coauthors":[12],"class_list":["post-1021","page","type-page","status-publish","has-post-thumbnail","hentry"],"acf":[],"_links":{"self":[{"href":"https:\/\/www.esm.rochester.edu\/sibley\/wp-json\/wp\/v2\/pages\/1021","targetHints":{"allow":["GET"]}}],"collection":[{"href":"https:\/\/www.esm.rochester.edu\/sibley\/wp-json\/wp\/v2\/pages"}],"about":[{"href":"https:\/\/www.esm.rochester.edu\/sibley\/wp-json\/wp\/v2\/types\/page"}],"author":[{"embeddable":true,"href":"https:\/\/www.esm.rochester.edu\/sibley\/wp-json\/wp\/v2\/users\/42"}],"replies":[{"embeddable":true,"href":"https:\/\/www.esm.rochester.edu\/sibley\/wp-json\/wp\/v2\/comments?post=1021"}],"version-history":[{"count":0,"href":"https:\/\/www.esm.rochester.edu\/sibley\/wp-json\/wp\/v2\/pages\/1021\/revisions"}],"up":[{"embeddable":true,"href":"https:\/\/www.esm.rochester.edu\/sibley\/wp-json\/wp\/v2\/pages\/400"}],"wp:featuredmedia":[{"embeddable":true,"href":"https:\/\/www.esm.rochester.edu\/sibley\/wp-json\/wp\/v2\/media\/4612"}],"wp:attachment":[{"href":"https:\/\/www.esm.rochester.edu\/sibley\/wp-json\/wp\/v2\/media?parent=1021"}],"wp:term":[{"taxonomy":"category","embeddable":true,"href":"https:\/\/www.esm.rochester.edu\/sibley\/wp-json\/wp\/v2\/categories?post=1021"},{"taxonomy":"author","embeddable":true,"href":"https:\/\/www.esm.rochester.edu\/sibley\/wp-json\/wp\/v2\/coauthors?post=1021"}],"curies":[{"name":"wp","href":"https:\/\/api.w.org\/{rel}","templated":true}]}}